{"id":4124,"date":"2021-09-03T17:21:03","date_gmt":"2021-09-03T16:21:03","guid":{"rendered":"https:\/\/www.kemeenergy.com\/?page_id=4124"},"modified":"2021-09-03T17:21:03","modified_gmt":"2021-09-03T16:21:03","slug":"politica-de-privacidade","status":"publish","type":"page","link":"https:\/\/www.kemeenergy.com\/en\/politica-de-privacidade\/","title":{"rendered":"Privacy Policy"},"content":{"rendered":"<h2 class=\"wp-block-heading\">Who we are<\/h2>\n\n\n\n<p><strong class=\"privacy-policy-tutorial\">Suggested text: <\/strong>Our website address is: https:\/\/www.kemeenergy.com.<\/p>\n\n\n\n<h2 class=\"wp-block-heading\">Comments<\/h2>\n\n\n\n<p><strong class=\"privacy-policy-tutorial\">Suggested text: <\/strong>When visitors leave comments on the website, the data present in the comments form, as well as the IP address and browser user agent, are stored to help with spam detection.<\/p>\n\n\n\n<p>An anonymous string created from your email address (also called a hash) can be sent to the Gravatar service to verify that you are using it. The Gravatar service privacy policy is available here: https:\/\/automattic.com\/privacy\/. After your comment is approved, your profile picture is visible to the public in the context of your comment.<\/p>\n\n\n\n<h2 class=\"wp-block-heading\">multimedia<\/h2>\n\n\n\n<p><strong class=\"privacy-policy-tutorial\">Suggested text: <\/strong>When uploading images to the website, you should avoid uploading images with embedded geolocation data (EXIF GPS). Visitors can download and extract geolocation data from images on the site.<\/p>\n\n\n\n<h2 class=\"wp-block-heading\">Cookies<\/h2>\n\n\n\n<p><strong class=\"privacy-policy-tutorial\">Suggested text: <\/strong>If you leave a comment on our website, you can choose to save your name, email address and website in cookies. This is for your convenience so you don&#039;t have to fill in your details again when you leave another comment. These cookies will last for one year.<\/p>\n\n\n\n<p>If you visit the login page, a temporary cookie will be set to determine whether your browser accepts cookies. This cookie does not contain personal data and will be deleted when you close your browser.<\/p>\n\n\n\n<p>When logging in, some cookies will be set to save your session information and your screen display choices. Login cookies last for one year. If you select \u201cRemember me\u201d, your session will persist for two weeks. Upon logging out, login cookies will be removed.<\/p>\n\n\n\n<p>If you edit or publish an article, an additional cookie will be stored in your browser. This cookie does not include personal data, it only indicates the content ID of the article you have just edited. Expires after 1 day.<\/p>\n\n\n\n<h2 class=\"wp-block-heading\">Embedded content from other websites<\/h2>\n\n\n\n<p><strong class=\"privacy-policy-tutorial\">Suggested text: <\/strong>Articles on this site may include embedded content (eg videos, images, articles, etc.). Embedded content from other websites behaves as if the user were visiting those websites.<\/p>\n\n\n\n<p>This site may collect data about you, use cookies, incorporate third-party tracking, monitor your interactions with it, including recording interactions with embedded content if you have an account and are logged in to this site.<\/p>\n\n\n\n<h2 class=\"wp-block-heading\">With whom your data is shared<\/h2>\n\n\n\n<p><strong class=\"privacy-policy-tutorial\">Suggested text: <\/strong>If you request a password reset, your IP address will be included in the reset email.<\/p>\n\n\n\n<h2 class=\"wp-block-heading\">How long is your data retained<\/h2>\n\n\n\n<p><strong class=\"privacy-policy-tutorial\">Suggested text: <\/strong>If you leave a comment, the comment and its metadata are saved indefinitely. This is so that any subsequent comments can be automatically recognized and approved, rather than putting them in a moderation queue.<\/p>\n\n\n\n<p>For users who register on our site (if any), we store the personal information provided in your user profile. All users can view, edit, or delete their personal information at any time (with the exception that they cannot change their username). Site administrators can also view and edit this information.<\/p>\n\n\n\n<h2 class=\"wp-block-heading\">What rights do you have over your data?<\/h2>\n\n\n\n<p><strong class=\"privacy-policy-tutorial\">Suggested text: <\/strong>If you have an account on this site, or have left comments, you can request to receive an export file with the personal data held about you, including any personal data you have provided. You can also request that the saved data be deleted. This does not include any personal data that is mandatory to keep for administrative, legal or security purposes.<\/p>\n\n\n\n<h2 class=\"wp-block-heading\">Where are your data sent?<\/h2>\n\n\n\n<p><strong class=\"privacy-policy-tutorial\">Suggested text: <\/strong>Visitor comments can be verified through an automatic spam detection service.<\/p>","protected":false},"excerpt":{"rendered":"<p>Quem somos Texto sugerido: O endere\u00e7o do nosso site \u00e9: https:\/\/www.kemeenergy.com. Coment\u00e1rios Texto sugerido: Quando os visitantes deixam coment\u00e1rios no site, s\u00e3o guardados os dados presentes no formul\u00e1rio dos coment\u00e1rios, bem como o endere\u00e7o de IP e o agente do utilizador do navegador, para ajudar com a detec\u00e7\u00e3o de spam. Uma string an\u00f3nima criada a [&hellip;]<\/p>","protected":false},"author":1,"featured_media":0,"parent":0,"menu_order":0,"comment_status":"closed","ping_status":"closed","template":"","meta":{"footnotes":""},"class_list":["post-4124","page","type-page","status-publish","hentry"],"jetpack_sharing_enabled":true,"_links":{"self":[{"href":"https:\/\/www.kemeenergy.com\/en\/wp-json\/wp\/v2\/pages\/4124","targetHints":{"allow":["GET"]}}],"collection":[{"href":"https:\/\/www.kemeenergy.com\/en\/wp-json\/wp\/v2\/pages"}],"about":[{"href":"https:\/\/www.kemeenergy.com\/en\/wp-json\/wp\/v2\/types\/page"}],"author":[{"embeddable":true,"href":"https:\/\/www.kemeenergy.com\/en\/wp-json\/wp\/v2\/users\/1"}],"replies":[{"embeddable":true,"href":"https:\/\/www.kemeenergy.com\/en\/wp-json\/wp\/v2\/comments?post=4124"}],"version-history":[{"count":1,"href":"https:\/\/www.kemeenergy.com\/en\/wp-json\/wp\/v2\/pages\/4124\/revisions"}],"predecessor-version":[{"id":4126,"href":"https:\/\/www.kemeenergy.com\/en\/wp-json\/wp\/v2\/pages\/4124\/revisions\/4126"}],"wp:attachment":[{"href":"https:\/\/www.kemeenergy.com\/en\/wp-json\/wp\/v2\/media?parent=4124"}],"curies":[{"name":"wp","href":"https:\/\/api.w.org\/{rel}","templated":true}]}}